{"id":21,"date":"2025-06-26T07:44:19","date_gmt":"2025-06-26T07:44:19","guid":{"rendered":"http:\/\/auto-klimat.com\/?page_id=21"},"modified":"2025-08-31T15:48:22","modified_gmt":"2025-08-31T15:48:22","slug":"wazne-o-klimatyzacji","status":"publish","type":"page","link":"https:\/\/auto-klimat.com\/index.php\/wazne-o-klimatyzacji\/","title":{"rendered":"Wa\u017cne o klimatyzacji"},"content":{"rendered":"\n<div style=\"background-image:url(&apos;https:\/\/auto-klimat.com\/wp-content\/uploads\/2025\/06\/wazne_o_klimatyzacji.avif&apos;);background-position:50% 22%;background-size:cover;background-attachment:scroll;\" class=\"wp-block-group alignfull has-global-padding is-layout-constrained wp-block-group-is-layout-constrained has-background\">\n<div style=\"height:5vh\" aria-hidden=\"true\" class=\"wp-block-spacer\"><\/div>\n\n\n\n<h2 class=\"wp-block-heading has-text-align-center tekst-z-obwodka\">WA\u017bNE O KLIMATYZACJI<\/h2>\n\n\n\n<div style=\"height:5vh\" aria-hidden=\"true\" class=\"wp-block-spacer\"><\/div>\n<\/div>\n\n\n\n<div class=\"wp-block-group has-global-padding is-layout-constrained wp-block-group-is-layout-constrained\"><\/div>\n\n\n\n<p class=\"has-text-align-center has-text-color has-link-color wp-elements-e80b42baaca590c6b0b1fea05f63b7e6\" style=\"color:#218cff\">Klimatyzacja w samochodach NIE jest uk\u0142adem bezobs\u0142ugowym.<\/p>\n\n\n\n<p class=\"has-text-align-center has-text-color has-link-color wp-elements-a749150d81b28f07560a0767e2b1998a\" style=\"color:#218cff\">Aby zapewni\u0107 jej prawid\u0142owe dzia\u0142anie nale\u017cy klimatyzacj\u0119 serwisowa\u0107 raz do roku, nie rzadziej ni\u017c co dwa lata.<\/p>\n\n\n\n<div class=\"wp-block-columns is-layout-flex wp-container-core-columns-is-layout-28f84493 wp-block-columns-is-layout-flex\">\n<div class=\"wp-block-column is-layout-flow wp-block-column-is-layout-flow\" style=\"padding-right:var(--wp--preset--spacing--10);padding-left:var(--wp--preset--spacing--10)\">\n<h2 class=\"wp-block-heading has-text-align-center has-medium-font-size\"><strong>DLACZEGO TAK WA\u017bNE JEST SERWISOWANIE KLIMATYZACJI?<\/strong><\/h2>\n\n\n\n<p class=\"justified-text\">Aby nasza klimatyzacja dzia\u0142a\u0142a prawid\u0142owo i bez zak\u0142\u00f3ce\u0144 stan nape\u0142nienia uk\u0142adu czynnikiem ch\u0142odniczym i olejem powinien by\u0107 taki jak zaleca producent pojazdu. Najwi\u0119kszym wrogiem klimatyzacji jest wilgo\u0107 w uk\u0142adzie przenikaj\u0105ca do uk\u0142adu przez gumowe w\u0119\u017ce. Woda w po\u0142\u0105czniu z czynnikiem ch\u0142odniczym tworzy \u017cr\u0105cy kwas. Kwas wewn\u0105trz uk\u0142adu przyczynia si\u0119 do szybszego zu\u017cycia kompresora jak r\u00f3wnie\u017c do korozji skraplacza, parownika oraz rurek aluminiowych. W efekcie tego powstaj\u0105 nieszczelno\u015bci w uk\u0142adzie klimatyzacji.<\/p>\n<\/div>\n\n\n\n<div class=\"wp-block-column is-layout-flow wp-block-column-is-layout-flow\" style=\"padding-right:var(--wp--preset--spacing--10);padding-left:var(--wp--preset--spacing--10)\">\n<h2 class=\"wp-block-heading has-text-align-center has-medium-font-size\"><strong><strong>UK\u0141AD WENTYLACJI<\/strong><\/strong><br><\/h2>\n\n\n\n<p class=\"justified-text\">Inn\u0105 wa\u017cn\u0105 czynno\u015bci\u0105, kt\u00f3r\u0105 powinni\u015bmy wykonywa\u0107 przy okresowym serwisowaniu klimatyzacji jest odgrzybianie\/odka\u017canie. Odgrzybianie klimatyzacji powinno si\u0119 wykonywa\u0107 dwa razy do roku, nie rzadziej ni\u017c raz do roku. Filtr kabinowy wymieniamy raz do roku, je\u015bli robimy du\u017co kilometr\u00f3w to dwa razy do roku.<\/p>\n<\/div>\n<\/div>\n","protected":false},"excerpt":{"rendered":"<p>WA\u017bNE O KLIMATYZACJI Klimatyzacja w samochodach NIE jest uk\u0142adem bezobs\u0142ugowym. Aby zapewni\u0107 jej prawid\u0142owe dzia\u0142anie nale\u017cy klimatyzacj\u0119 serwisowa\u0107 raz do roku, nie rzadziej ni\u017c co dwa lata. DLACZEGO TAK WA\u017bNE JEST SERWISOWANIE KLIMATYZACJI? Aby nasza klimatyzacja dzia\u0142a\u0142a prawid\u0142owo i bez zak\u0142\u00f3ce\u0144 stan nape\u0142nienia uk\u0142adu czynnikiem ch\u0142odniczym i olejem powinien by\u0107 taki jak zaleca producent pojazdu. [&hellip;]<\/p>\n","protected":false},"author":1,"featured_media":0,"parent":0,"menu_order":0,"comment_status":"closed","ping_status":"closed","template":"","meta":{"footnotes":""},"class_list":["post-21","page","type-page","status-publish","hentry"],"yoast_head":"<!-- This site is optimized with the Yoast SEO plugin v25.3.1 - https:\/\/yoast.com\/wordpress\/plugins\/seo\/ -->\n<title>Wa\u017cne o klimatyzacji - Auto Klimat<\/title>\n<meta name=\"robots\" content=\"index, follow, max-snippet:-1, max-image-preview:large, max-video-preview:-1\" \/>\n<link rel=\"canonical\" href=\"https:\/\/auto-klimat.com\/index.php\/wazne-o-klimatyzacji\/\" \/>\n<meta property=\"og:locale\" content=\"pl_PL\" \/>\n<meta property=\"og:type\" content=\"article\" \/>\n<meta property=\"og:title\" content=\"Wa\u017cne o klimatyzacji - Auto Klimat\" \/>\n<meta property=\"og:description\" content=\"WA\u017bNE O KLIMATYZACJI Klimatyzacja w samochodach NIE jest uk\u0142adem bezobs\u0142ugowym. Aby zapewni\u0107 jej prawid\u0142owe dzia\u0142anie nale\u017cy klimatyzacj\u0119 serwisowa\u0107 raz do roku, nie rzadziej ni\u017c co dwa lata. DLACZEGO TAK WA\u017bNE JEST SERWISOWANIE KLIMATYZACJI? Aby nasza klimatyzacja dzia\u0142a\u0142a prawid\u0142owo i bez zak\u0142\u00f3ce\u0144 stan nape\u0142nienia uk\u0142adu czynnikiem ch\u0142odniczym i olejem powinien by\u0107 taki jak zaleca producent pojazdu. [&hellip;]\" \/>\n<meta property=\"og:url\" content=\"https:\/\/auto-klimat.com\/index.php\/wazne-o-klimatyzacji\/\" \/>\n<meta property=\"og:site_name\" content=\"Auto Klimat\" \/>\n<meta property=\"article:modified_time\" content=\"2025-08-31T15:48:22+00:00\" \/>\n<meta name=\"twitter:card\" content=\"summary_large_image\" \/>\n<meta name=\"twitter:label1\" content=\"Szacowany czas czytania\" \/>\n\t<meta name=\"twitter:data1\" content=\"1 minuta\" \/>\n<script type=\"application\/ld+json\" class=\"yoast-schema-graph\">{\"@context\":\"https:\/\/schema.org\",\"@graph\":[{\"@type\":\"WebPage\",\"@id\":\"https:\/\/auto-klimat.com\/index.php\/wazne-o-klimatyzacji\/\",\"url\":\"https:\/\/auto-klimat.com\/index.php\/wazne-o-klimatyzacji\/\",\"name\":\"Wa\u017cne o klimatyzacji - Auto Klimat\",\"isPartOf\":{\"@id\":\"https:\/\/auto-klimat.com\/#website\"},\"datePublished\":\"2025-06-26T07:44:19+00:00\",\"dateModified\":\"2025-08-31T15:48:22+00:00\",\"breadcrumb\":{\"@id\":\"https:\/\/auto-klimat.com\/index.php\/wazne-o-klimatyzacji\/#breadcrumb\"},\"inLanguage\":\"pl-PL\",\"potentialAction\":[{\"@type\":\"ReadAction\",\"target\":[\"https:\/\/auto-klimat.com\/index.php\/wazne-o-klimatyzacji\/\"]}]},{\"@type\":\"BreadcrumbList\",\"@id\":\"https:\/\/auto-klimat.com\/index.php\/wazne-o-klimatyzacji\/#breadcrumb\",\"itemListElement\":[{\"@type\":\"ListItem\",\"position\":1,\"name\":\"Strona g\u0142\u00f3wna\",\"item\":\"https:\/\/auto-klimat.com\/\"},{\"@type\":\"ListItem\",\"position\":2,\"name\":\"Wa\u017cne o klimatyzacji\"}]},{\"@type\":\"WebSite\",\"@id\":\"https:\/\/auto-klimat.com\/#website\",\"url\":\"https:\/\/auto-klimat.com\/\",\"name\":\"Auto Klimat\",\"description\":\"Serwis klimatyzacji, auto klimatyzacja, auto klima, serwis ogumienia, Katowice, Bogucice\",\"publisher\":{\"@id\":\"https:\/\/auto-klimat.com\/#organization\"},\"potentialAction\":[{\"@type\":\"SearchAction\",\"target\":{\"@type\":\"EntryPoint\",\"urlTemplate\":\"https:\/\/auto-klimat.com\/?s={search_term_string}\"},\"query-input\":{\"@type\":\"PropertyValueSpecification\",\"valueRequired\":true,\"valueName\":\"search_term_string\"}}],\"inLanguage\":\"pl-PL\"},{\"@type\":\"Organization\",\"@id\":\"https:\/\/auto-klimat.com\/#organization\",\"name\":\"Auto Klimat\",\"url\":\"https:\/\/auto-klimat.com\/\",\"logo\":{\"@type\":\"ImageObject\",\"inLanguage\":\"pl-PL\",\"@id\":\"https:\/\/auto-klimat.com\/#\/schema\/logo\/image\/\",\"url\":\"https:\/\/auto-klimat.com\/wp-content\/uploads\/2025\/06\/logo-autoklimat-Photoroom.png\",\"contentUrl\":\"https:\/\/auto-klimat.com\/wp-content\/uploads\/2025\/06\/logo-autoklimat-Photoroom.png\",\"width\":840,\"height\":249,\"caption\":\"Auto Klimat\"},\"image\":{\"@id\":\"https:\/\/auto-klimat.com\/#\/schema\/logo\/image\/\"}}]}<\/script>\n<!-- \/ Yoast SEO plugin. -->","yoast_head_json":{"title":"Wa\u017cne o klimatyzacji - Auto Klimat","robots":{"index":"index","follow":"follow","max-snippet":"max-snippet:-1","max-image-preview":"max-image-preview:large","max-video-preview":"max-video-preview:-1"},"canonical":"https:\/\/auto-klimat.com\/index.php\/wazne-o-klimatyzacji\/","og_locale":"pl_PL","og_type":"article","og_title":"Wa\u017cne o klimatyzacji - Auto Klimat","og_description":"WA\u017bNE O KLIMATYZACJI Klimatyzacja w samochodach NIE jest uk\u0142adem bezobs\u0142ugowym. Aby zapewni\u0107 jej prawid\u0142owe dzia\u0142anie nale\u017cy klimatyzacj\u0119 serwisowa\u0107 raz do roku, nie rzadziej ni\u017c co dwa lata. DLACZEGO TAK WA\u017bNE JEST SERWISOWANIE KLIMATYZACJI? Aby nasza klimatyzacja dzia\u0142a\u0142a prawid\u0142owo i bez zak\u0142\u00f3ce\u0144 stan nape\u0142nienia uk\u0142adu czynnikiem ch\u0142odniczym i olejem powinien by\u0107 taki jak zaleca producent pojazdu. [&hellip;]","og_url":"https:\/\/auto-klimat.com\/index.php\/wazne-o-klimatyzacji\/","og_site_name":"Auto Klimat","article_modified_time":"2025-08-31T15:48:22+00:00","twitter_card":"summary_large_image","twitter_misc":{"Szacowany czas czytania":"1 minuta"},"schema":{"@context":"https:\/\/schema.org","@graph":[{"@type":"WebPage","@id":"https:\/\/auto-klimat.com\/index.php\/wazne-o-klimatyzacji\/","url":"https:\/\/auto-klimat.com\/index.php\/wazne-o-klimatyzacji\/","name":"Wa\u017cne o klimatyzacji - Auto Klimat","isPartOf":{"@id":"https:\/\/auto-klimat.com\/#website"},"datePublished":"2025-06-26T07:44:19+00:00","dateModified":"2025-08-31T15:48:22+00:00","breadcrumb":{"@id":"https:\/\/auto-klimat.com\/index.php\/wazne-o-klimatyzacji\/#breadcrumb"},"inLanguage":"pl-PL","potentialAction":[{"@type":"ReadAction","target":["https:\/\/auto-klimat.com\/index.php\/wazne-o-klimatyzacji\/"]}]},{"@type":"BreadcrumbList","@id":"https:\/\/auto-klimat.com\/index.php\/wazne-o-klimatyzacji\/#breadcrumb","itemListElement":[{"@type":"ListItem","position":1,"name":"Strona g\u0142\u00f3wna","item":"https:\/\/auto-klimat.com\/"},{"@type":"ListItem","position":2,"name":"Wa\u017cne o klimatyzacji"}]},{"@type":"WebSite","@id":"https:\/\/auto-klimat.com\/#website","url":"https:\/\/auto-klimat.com\/","name":"Auto Klimat","description":"Serwis klimatyzacji, auto klimatyzacja, auto klima, serwis ogumienia, Katowice, Bogucice","publisher":{"@id":"https:\/\/auto-klimat.com\/#organization"},"potentialAction":[{"@type":"SearchAction","target":{"@type":"EntryPoint","urlTemplate":"https:\/\/auto-klimat.com\/?s={search_term_string}"},"query-input":{"@type":"PropertyValueSpecification","valueRequired":true,"valueName":"search_term_string"}}],"inLanguage":"pl-PL"},{"@type":"Organization","@id":"https:\/\/auto-klimat.com\/#organization","name":"Auto Klimat","url":"https:\/\/auto-klimat.com\/","logo":{"@type":"ImageObject","inLanguage":"pl-PL","@id":"https:\/\/auto-klimat.com\/#\/schema\/logo\/image\/","url":"https:\/\/auto-klimat.com\/wp-content\/uploads\/2025\/06\/logo-autoklimat-Photoroom.png","contentUrl":"https:\/\/auto-klimat.com\/wp-content\/uploads\/2025\/06\/logo-autoklimat-Photoroom.png","width":840,"height":249,"caption":"Auto Klimat"},"image":{"@id":"https:\/\/auto-klimat.com\/#\/schema\/logo\/image\/"}}]}},"_links":{"self":[{"href":"https:\/\/auto-klimat.com\/index.php\/wp-json\/wp\/v2\/pages\/21","targetHints":{"allow":["GET"]}}],"collection":[{"href":"https:\/\/auto-klimat.com\/index.php\/wp-json\/wp\/v2\/pages"}],"about":[{"href":"https:\/\/auto-klimat.com\/index.php\/wp-json\/wp\/v2\/types\/page"}],"author":[{"embeddable":true,"href":"https:\/\/auto-klimat.com\/index.php\/wp-json\/wp\/v2\/users\/1"}],"replies":[{"embeddable":true,"href":"https:\/\/auto-klimat.com\/index.php\/wp-json\/wp\/v2\/comments?post=21"}],"version-history":[{"count":8,"href":"https:\/\/auto-klimat.com\/index.php\/wp-json\/wp\/v2\/pages\/21\/revisions"}],"predecessor-version":[{"id":79,"href":"https:\/\/auto-klimat.com\/index.php\/wp-json\/wp\/v2\/pages\/21\/revisions\/79"}],"wp:attachment":[{"href":"https:\/\/auto-klimat.com\/index.php\/wp-json\/wp\/v2\/media?parent=21"}],"curies":[{"name":"wp","href":"https:\/\/api.w.org\/{rel}","templated":true}]}}