{"id":22,"date":"2025-06-26T07:59:20","date_gmt":"2025-06-26T07:59:20","guid":{"rendered":"http:\/\/auto-klimat.com\/?page_id=22"},"modified":"2025-08-31T15:47:09","modified_gmt":"2025-08-31T15:47:09","slug":"serwis-klimatyzacji","status":"publish","type":"page","link":"https:\/\/auto-klimat.com\/index.php\/serwis-klimatyzacji\/","title":{"rendered":"Serwis klimatyzacji"},"content":{"rendered":"\n<div style=\"background-image:url(&apos;https:\/\/auto-klimat.com\/wp-content\/uploads\/2025\/06\/serwis_klimatyzacji.avif&apos;);background-position:51% 49%;background-size:cover;background-attachment:scroll;\" class=\"wp-block-group alignfull has-global-padding is-layout-constrained wp-block-group-is-layout-constrained has-background\">\n<div style=\"height:5vh\" aria-hidden=\"true\" class=\"wp-block-spacer\"><\/div>\n\n\n\n<h2 class=\"wp-block-heading has-text-align-center tekst-z-obwodka\">SERWIS KLIMATYZACJI<\/h2>\n\n\n\n<div style=\"height:5vh\" aria-hidden=\"true\" class=\"wp-block-spacer\"><\/div>\n<\/div>\n\n\n\n<div class=\"wp-block-group has-global-padding is-layout-constrained wp-block-group-is-layout-constrained\">\n<h2 class=\"wp-block-heading has-text-align-center\">Nasze us\u0142ugi<\/h2>\n\n\n\n<p>\u2013 Przegl\u0105dy i nape\u0142nianie klimatyzacji czynnikiem ch\u0142odniczym r134a oraz 1234yf<br>\u2013 Naprawy uk\u0142ad\u00f3w klimatyzacji<br>\u2013 Spawanie rurek aluminiowych<br>\u2013 Zakuwanie w\u0119\u017cy gumowych<br>\u2013 Naprawa spr\u0119\u017carek<br>\u2013 Monta\u017c spr\u0119\u017carek, skraplaczy, osuszaczy, wentylator\u00f3w, zawor\u00f3w rozpr\u0119\u017cnych, dysz rozpr\u0119\u017cnych, zawork\u00f3w serwisowych, presostat\u00f3w<br>\u2013 Wymiana filtr\u00f3w kabinowych\/przeciwpy\u0142kowych<br>\u2013 Odgrzybianie klimatyzacji OZONEM oraz chemiczne.<br>\u2013 Sprawdzanie szczelno\u015bci uk\u0142adu spr\u0119\u017conym azotem i hydrogenem<br>\u2013 P\u0142ukanie uk\u0142ad\u00f3w po zatarciu spr\u0119\u017carki<br>\u2013 Diagnostyka komputerowa<\/p>\n<\/div>\n","protected":false},"excerpt":{"rendered":"<p>SERWIS KLIMATYZACJI Nasze us\u0142ugi \u2013 Przegl\u0105dy i nape\u0142nianie klimatyzacji czynnikiem ch\u0142odniczym r134a oraz 1234yf\u2013 Naprawy uk\u0142ad\u00f3w klimatyzacji\u2013 Spawanie rurek aluminiowych\u2013 Zakuwanie w\u0119\u017cy gumowych\u2013 Naprawa spr\u0119\u017carek\u2013 Monta\u017c spr\u0119\u017carek, skraplaczy, osuszaczy, wentylator\u00f3w, zawor\u00f3w rozpr\u0119\u017cnych, dysz rozpr\u0119\u017cnych, zawork\u00f3w serwisowych, presostat\u00f3w\u2013 Wymiana filtr\u00f3w kabinowych\/przeciwpy\u0142kowych\u2013 Odgrzybianie klimatyzacji OZONEM oraz chemiczne.\u2013 Sprawdzanie szczelno\u015bci uk\u0142adu spr\u0119\u017conym azotem i hydrogenem\u2013 P\u0142ukanie uk\u0142ad\u00f3w po [&hellip;]<\/p>\n","protected":false},"author":1,"featured_media":0,"parent":0,"menu_order":0,"comment_status":"closed","ping_status":"closed","template":"","meta":{"footnotes":""},"class_list":["post-22","page","type-page","status-publish","hentry"],"yoast_head":"<!-- This site is optimized with the Yoast SEO plugin v25.3.1 - https:\/\/yoast.com\/wordpress\/plugins\/seo\/ -->\n<title>Serwis klimatyzacji - Auto Klimat<\/title>\n<meta name=\"robots\" content=\"index, follow, max-snippet:-1, max-image-preview:large, max-video-preview:-1\" \/>\n<link rel=\"canonical\" href=\"https:\/\/auto-klimat.com\/index.php\/serwis-klimatyzacji\/\" \/>\n<meta property=\"og:locale\" content=\"pl_PL\" \/>\n<meta property=\"og:type\" content=\"article\" \/>\n<meta property=\"og:title\" content=\"Serwis klimatyzacji - Auto Klimat\" \/>\n<meta property=\"og:description\" content=\"SERWIS KLIMATYZACJI Nasze us\u0142ugi \u2013 Przegl\u0105dy i nape\u0142nianie klimatyzacji czynnikiem ch\u0142odniczym r134a oraz 1234yf\u2013 Naprawy uk\u0142ad\u00f3w klimatyzacji\u2013 Spawanie rurek aluminiowych\u2013 Zakuwanie w\u0119\u017cy gumowych\u2013 Naprawa spr\u0119\u017carek\u2013 Monta\u017c spr\u0119\u017carek, skraplaczy, osuszaczy, wentylator\u00f3w, zawor\u00f3w rozpr\u0119\u017cnych, dysz rozpr\u0119\u017cnych, zawork\u00f3w serwisowych, presostat\u00f3w\u2013 Wymiana filtr\u00f3w kabinowych\/przeciwpy\u0142kowych\u2013 Odgrzybianie klimatyzacji OZONEM oraz chemiczne.\u2013 Sprawdzanie szczelno\u015bci uk\u0142adu spr\u0119\u017conym azotem i hydrogenem\u2013 P\u0142ukanie uk\u0142ad\u00f3w po [&hellip;]\" \/>\n<meta property=\"og:url\" content=\"https:\/\/auto-klimat.com\/index.php\/serwis-klimatyzacji\/\" \/>\n<meta property=\"og:site_name\" content=\"Auto Klimat\" \/>\n<meta property=\"article:modified_time\" content=\"2025-08-31T15:47:09+00:00\" \/>\n<meta name=\"twitter:card\" content=\"summary_large_image\" \/>\n<script type=\"application\/ld+json\" class=\"yoast-schema-graph\">{\"@context\":\"https:\/\/schema.org\",\"@graph\":[{\"@type\":\"WebPage\",\"@id\":\"https:\/\/auto-klimat.com\/index.php\/serwis-klimatyzacji\/\",\"url\":\"https:\/\/auto-klimat.com\/index.php\/serwis-klimatyzacji\/\",\"name\":\"Serwis klimatyzacji - Auto Klimat\",\"isPartOf\":{\"@id\":\"https:\/\/auto-klimat.com\/#website\"},\"datePublished\":\"2025-06-26T07:59:20+00:00\",\"dateModified\":\"2025-08-31T15:47:09+00:00\",\"breadcrumb\":{\"@id\":\"https:\/\/auto-klimat.com\/index.php\/serwis-klimatyzacji\/#breadcrumb\"},\"inLanguage\":\"pl-PL\",\"potentialAction\":[{\"@type\":\"ReadAction\",\"target\":[\"https:\/\/auto-klimat.com\/index.php\/serwis-klimatyzacji\/\"]}]},{\"@type\":\"BreadcrumbList\",\"@id\":\"https:\/\/auto-klimat.com\/index.php\/serwis-klimatyzacji\/#breadcrumb\",\"itemListElement\":[{\"@type\":\"ListItem\",\"position\":1,\"name\":\"Strona g\u0142\u00f3wna\",\"item\":\"https:\/\/auto-klimat.com\/\"},{\"@type\":\"ListItem\",\"position\":2,\"name\":\"Serwis klimatyzacji\"}]},{\"@type\":\"WebSite\",\"@id\":\"https:\/\/auto-klimat.com\/#website\",\"url\":\"https:\/\/auto-klimat.com\/\",\"name\":\"Auto Klimat\",\"description\":\"Serwis klimatyzacji, auto klimatyzacja, auto klima, serwis ogumienia, Katowice, Bogucice\",\"publisher\":{\"@id\":\"https:\/\/auto-klimat.com\/#organization\"},\"potentialAction\":[{\"@type\":\"SearchAction\",\"target\":{\"@type\":\"EntryPoint\",\"urlTemplate\":\"https:\/\/auto-klimat.com\/?s={search_term_string}\"},\"query-input\":{\"@type\":\"PropertyValueSpecification\",\"valueRequired\":true,\"valueName\":\"search_term_string\"}}],\"inLanguage\":\"pl-PL\"},{\"@type\":\"Organization\",\"@id\":\"https:\/\/auto-klimat.com\/#organization\",\"name\":\"Auto Klimat\",\"url\":\"https:\/\/auto-klimat.com\/\",\"logo\":{\"@type\":\"ImageObject\",\"inLanguage\":\"pl-PL\",\"@id\":\"https:\/\/auto-klimat.com\/#\/schema\/logo\/image\/\",\"url\":\"https:\/\/auto-klimat.com\/wp-content\/uploads\/2025\/06\/logo-autoklimat-Photoroom.png\",\"contentUrl\":\"https:\/\/auto-klimat.com\/wp-content\/uploads\/2025\/06\/logo-autoklimat-Photoroom.png\",\"width\":840,\"height\":249,\"caption\":\"Auto Klimat\"},\"image\":{\"@id\":\"https:\/\/auto-klimat.com\/#\/schema\/logo\/image\/\"}}]}<\/script>\n<!-- \/ Yoast SEO plugin. -->","yoast_head_json":{"title":"Serwis klimatyzacji - Auto Klimat","robots":{"index":"index","follow":"follow","max-snippet":"max-snippet:-1","max-image-preview":"max-image-preview:large","max-video-preview":"max-video-preview:-1"},"canonical":"https:\/\/auto-klimat.com\/index.php\/serwis-klimatyzacji\/","og_locale":"pl_PL","og_type":"article","og_title":"Serwis klimatyzacji - Auto Klimat","og_description":"SERWIS KLIMATYZACJI Nasze us\u0142ugi \u2013 Przegl\u0105dy i nape\u0142nianie klimatyzacji czynnikiem ch\u0142odniczym r134a oraz 1234yf\u2013 Naprawy uk\u0142ad\u00f3w klimatyzacji\u2013 Spawanie rurek aluminiowych\u2013 Zakuwanie w\u0119\u017cy gumowych\u2013 Naprawa spr\u0119\u017carek\u2013 Monta\u017c spr\u0119\u017carek, skraplaczy, osuszaczy, wentylator\u00f3w, zawor\u00f3w rozpr\u0119\u017cnych, dysz rozpr\u0119\u017cnych, zawork\u00f3w serwisowych, presostat\u00f3w\u2013 Wymiana filtr\u00f3w kabinowych\/przeciwpy\u0142kowych\u2013 Odgrzybianie klimatyzacji OZONEM oraz chemiczne.\u2013 Sprawdzanie szczelno\u015bci uk\u0142adu spr\u0119\u017conym azotem i hydrogenem\u2013 P\u0142ukanie uk\u0142ad\u00f3w po [&hellip;]","og_url":"https:\/\/auto-klimat.com\/index.php\/serwis-klimatyzacji\/","og_site_name":"Auto Klimat","article_modified_time":"2025-08-31T15:47:09+00:00","twitter_card":"summary_large_image","schema":{"@context":"https:\/\/schema.org","@graph":[{"@type":"WebPage","@id":"https:\/\/auto-klimat.com\/index.php\/serwis-klimatyzacji\/","url":"https:\/\/auto-klimat.com\/index.php\/serwis-klimatyzacji\/","name":"Serwis klimatyzacji - Auto Klimat","isPartOf":{"@id":"https:\/\/auto-klimat.com\/#website"},"datePublished":"2025-06-26T07:59:20+00:00","dateModified":"2025-08-31T15:47:09+00:00","breadcrumb":{"@id":"https:\/\/auto-klimat.com\/index.php\/serwis-klimatyzacji\/#breadcrumb"},"inLanguage":"pl-PL","potentialAction":[{"@type":"ReadAction","target":["https:\/\/auto-klimat.com\/index.php\/serwis-klimatyzacji\/"]}]},{"@type":"BreadcrumbList","@id":"https:\/\/auto-klimat.com\/index.php\/serwis-klimatyzacji\/#breadcrumb","itemListElement":[{"@type":"ListItem","position":1,"name":"Strona g\u0142\u00f3wna","item":"https:\/\/auto-klimat.com\/"},{"@type":"ListItem","position":2,"name":"Serwis klimatyzacji"}]},{"@type":"WebSite","@id":"https:\/\/auto-klimat.com\/#website","url":"https:\/\/auto-klimat.com\/","name":"Auto Klimat","description":"Serwis klimatyzacji, auto klimatyzacja, auto klima, serwis ogumienia, Katowice, Bogucice","publisher":{"@id":"https:\/\/auto-klimat.com\/#organization"},"potentialAction":[{"@type":"SearchAction","target":{"@type":"EntryPoint","urlTemplate":"https:\/\/auto-klimat.com\/?s={search_term_string}"},"query-input":{"@type":"PropertyValueSpecification","valueRequired":true,"valueName":"search_term_string"}}],"inLanguage":"pl-PL"},{"@type":"Organization","@id":"https:\/\/auto-klimat.com\/#organization","name":"Auto Klimat","url":"https:\/\/auto-klimat.com\/","logo":{"@type":"ImageObject","inLanguage":"pl-PL","@id":"https:\/\/auto-klimat.com\/#\/schema\/logo\/image\/","url":"https:\/\/auto-klimat.com\/wp-content\/uploads\/2025\/06\/logo-autoklimat-Photoroom.png","contentUrl":"https:\/\/auto-klimat.com\/wp-content\/uploads\/2025\/06\/logo-autoklimat-Photoroom.png","width":840,"height":249,"caption":"Auto Klimat"},"image":{"@id":"https:\/\/auto-klimat.com\/#\/schema\/logo\/image\/"}}]}},"_links":{"self":[{"href":"https:\/\/auto-klimat.com\/index.php\/wp-json\/wp\/v2\/pages\/22","targetHints":{"allow":["GET"]}}],"collection":[{"href":"https:\/\/auto-klimat.com\/index.php\/wp-json\/wp\/v2\/pages"}],"about":[{"href":"https:\/\/auto-klimat.com\/index.php\/wp-json\/wp\/v2\/types\/page"}],"author":[{"embeddable":true,"href":"https:\/\/auto-klimat.com\/index.php\/wp-json\/wp\/v2\/users\/1"}],"replies":[{"embeddable":true,"href":"https:\/\/auto-klimat.com\/index.php\/wp-json\/wp\/v2\/comments?post=22"}],"version-history":[{"count":4,"href":"https:\/\/auto-klimat.com\/index.php\/wp-json\/wp\/v2\/pages\/22\/revisions"}],"predecessor-version":[{"id":77,"href":"https:\/\/auto-klimat.com\/index.php\/wp-json\/wp\/v2\/pages\/22\/revisions\/77"}],"wp:attachment":[{"href":"https:\/\/auto-klimat.com\/index.php\/wp-json\/wp\/v2\/media?parent=22"}],"curies":[{"name":"wp","href":"https:\/\/api.w.org\/{rel}","templated":true}]}}